{"id":920,"date":"2016-03-24T11:49:49","date_gmt":"2016-03-24T10:49:49","guid":{"rendered":"http:\/\/www.lucianomassari.com\/wp\/en\/?page_id=920"},"modified":"2016-03-30T11:25:54","modified_gmt":"2016-03-30T09:25:54","slug":"biography","status":"publish","type":"page","link":"https:\/\/www.lucianomassari.com\/en\/biography\/","title":{"rendered":"Biography"},"content":{"rendered":"<div class=\"wpb-content-wrapper\"><p>[vc_row background_style=&#8221;full&#8221;][vc_column]<article class=\"text-center page-bg parallax\" style=\"background-image: url(https:\/\/www.lucianomassari.com\/wp-content\/uploads\/2016\/03\/copertina-catalogo1.jpg);\"><h1 class=\"main-heading font2 dark\"><span style=\"border-color:  !important; color:  !important;\">Biography<\/span><\/h1><\/article>[\/vc_column][\/vc_row][vc_row][vc_column]<div class=\"col-sm-10 col-sm-offset-1 text-center\"><h1 class=\"super-heading grey font2\"><span style=\"color:  !important\">Luciano Massari<\/span><\/h1><div class=\"separator\"><img decoding=\"async\" alt=\"expose-seperator\" src=\"https:\/\/www.lucianomassari.com\/wp-content\/themes\/expose\/style\/images\/separator\/01-white.png\"\/><\/div><\/div><div class=\"clearfix\"><\/div>[vc_column_text]<\/p>\n<p>Born in Carrara, where he studied at the local Accademia di Belle Arti, Massari now lives and works between Carrara and Turin. He holds the Sculpture Chair at the Accademia Albertina di Belle Arti in Turin, where he was previously director.<br \/>\nHe began his artistic career in 1980 by winning the competition to execute the work Icarus Millenovecentottantaquattro (Icarus Onethousandninehundredandeightyfour) in Trinidad and Tobago. The sculptor has taken part in many solo and group exhibitions, and international competitions. His works are on display in private and public collections in Italy and abroad.<br \/>\nLuciano Massari\u2019s recent output springs from research with strong architectural overtones and his investigations have produced environmental works, a close dialogue between sculpture and poetry, and collaborations with other artists. Between 2002 and 2005, he explored with Marco Nereo Rotelli the relationship between the visual arts and words, through a series of artistic projects in which Mario Luzi, Alda Merini, Fernanda Pivano and Maria Luisa Spaziani participated.<br \/>\nIn May 2004 Luciano Massari was a guest of the Rapa Nui Foundation on Easter Island where he executed the permanent sculptural installation 7 Truths at Puna Pau: a profound experience whose outcome \u2013 not merely thematic \u2013 embodied the essence of sculptural practice.<br \/>\nIn 2005 he took part in the 51st Venice Biennale, within the ambit of the special project Poetry Island, and in the exhibition \u2018La Poesie Italienne Comme Oeuvre d\u2019Art\u2019 (Paris, Mairie du 5me Arrondissement). The same year, his work The Island of Identity entered the Gori Collection at Fattoria di Celle.<br \/>\nIn 2007 he was invited to the Biennale di Arte Sacra Fondazione Staurus at the Sanctuary of San Gabriele, Teramo. He continued to explore the theme of the island through the relationship between the material \u2013 marble \u2013 and the mental aspect of a journey as a time for introspection through his work for the exhibition \u2018Arcipelaghi\u2019, which took the form of a spectacular installation at the Fortezza Firmafede at Sarzana in 2007. The following year, the artist investigated the theme of wandering, developing its lyrical aspects, in his solo show \u2018Impronte\u2019.<br \/>\nIn March 2008 he created an environmental work, Island within an Island for the Giardino di Daniel Spoerri Foundation at Seggiano, Grossetto, and in the summer displayed the installation Archipelagos at the 13th International Sculpture Biennale of Carrara, \u2018Nient\u2019altro che Scultura \u2013 Nothing but Sculpture\u2019, curated by Francesco Poli.<br \/>\nIn autumn 2008, one of Massari\u2019s video installations was presented at Grand Central Terminal in New York, as part of the celebrations for Columbus Day.<br \/>\nIn July 2009, Massari continued his research on site-specific art and the links between art, society and sustainability through the large installation entitled To the Moon, visible throughout the surrounding area. It was sited in the Ravaccione basin at the historical Michelangelo quarries, Carrara, to celebrate the 40th anniversary of the first manned moon landing.<br \/>\nIn April 2010, his solo exhibition \u2018New Geographies\u2019 opened in the Giardino di Daniel Spoerri at Seggiano, and in winter 2010\u20132011 his video Action 3 was shown at the National Cinema Museum in Turin.<br \/>\nIn the spring of 2011 he took part in the International Sculpture Festa (ISF) \u2018Contemporary Sculpture Identity\u2019 at the Seoul Museum Hangaram Art Center of Art, South Korea. In the summer he displayed his works at the group show \u2018Su Nero Nero\u2019, curated by Franz Paludetto, at Rivara Castle, near Turin. In 2013 he showed again at the ISF in Seoul.<br \/>\nEminent critics and curators have written about his work, including Jacopo Cannas, Bruno Cor\u00e0, Andrea B. Del Guercio, Mario De Micheli, Floriano De Santi, Daria Filardo, Giorgio Di Genova, Massimo Don\u00e0, Matteo Innocenti, Nicola Miceli, Tommaso Paloscia, Francesco Poli, Gi\u00f2 Pomodoro, Ludovico Pratesi, Giandomenico Semeraro, Gabriella Serusi and Marisa Vescovo. Numerous articles about Massari have appeared in the specialized press, periodicals and newspapers at the national and international level.<br \/>\nSeveral TV programmes and documentaries have also been devoted to Luciano Massari\u2019s work. In 2005 France 3 featured him as an artist in the thematic programme Des Racines et des Ailes. The Chinese film director Wang Xiaoshuai (Silver Lion at the Berlin Film Festival) interviewed the artist in Tuscany Dream, a documentary shot for China, and the director Dixson Tam presented Massari\u2019s work on Hong Kong national television. He was recently interviewed by Space TV and the RAI Channel 2 programme Voyager (December 2010). Taiwan and Japanese television devoted features to him in January 2010 and in 2011.<br \/>\nMassari also gave two revealing radio interviews: one broadcast on Radio RAI 3 Suite on the occasion of the To the Moon installation (14 July 2009) and the other on Radio Papesse (Il Marmo Chiede Umilt\u00e0 \u2013 Marble Requires Humility) during the 2010 International Sculpture Biennale of Carrara).<\/p>\n<p>[\/vc_column_text][\/vc_column][\/vc_row]<\/p>\n<div class=\"clearfix\"><\/div><\/div>","protected":false},"excerpt":{"rendered":"<p>[vc_row background_style=&#8221;full&#8221;][vc_column][\/vc_column][\/vc_row][vc_row][vc_column][vc_column_text] Born in Carrara, where he studied at the local Accademia di Belle Arti, Massari now lives and works between Carrara and Turin. He holds the Sculpture Chair at the Accademia Albertina di Belle Arti in Turin, where he was previously director. He began his artistic career in 1980 by winning the competition to [&hellip;]<\/p>\n","protected":false},"author":1,"featured_media":0,"parent":0,"menu_order":0,"comment_status":"open","ping_status":"open","template":"","meta":{"footnotes":""},"_links":{"self":[{"href":"https:\/\/www.lucianomassari.com\/en\/wp-json\/wp\/v2\/pages\/920"}],"collection":[{"href":"https:\/\/www.lucianomassari.com\/en\/wp-json\/wp\/v2\/pages"}],"about":[{"href":"https:\/\/www.lucianomassari.com\/en\/wp-json\/wp\/v2\/types\/page"}],"author":[{"embeddable":true,"href":"https:\/\/www.lucianomassari.com\/en\/wp-json\/wp\/v2\/users\/1"}],"replies":[{"embeddable":true,"href":"https:\/\/www.lucianomassari.com\/en\/wp-json\/wp\/v2\/comments?post=920"}],"version-history":[{"count":3,"href":"https:\/\/www.lucianomassari.com\/en\/wp-json\/wp\/v2\/pages\/920\/revisions"}],"predecessor-version":[{"id":994,"href":"https:\/\/www.lucianomassari.com\/en\/wp-json\/wp\/v2\/pages\/920\/revisions\/994"}],"wp:attachment":[{"href":"https:\/\/www.lucianomassari.com\/en\/wp-json\/wp\/v2\/media?parent=920"}],"curies":[{"name":"wp","href":"https:\/\/api.w.org\/{rel}","templated":true}]}}